{"id":89,"date":"2020-07-06T16:43:01","date_gmt":"2020-07-06T16:43:01","guid":{"rendered":"http:\/\/blaueminze.net\/?page_id=89"},"modified":"2021-07-19T17:37:29","modified_gmt":"2021-07-19T17:37:29","slug":"quienes-somos","status":"publish","type":"page","link":"http:\/\/blaueminze.net\/?page_id=89","title":{"rendered":"Quienes Somos"},"content":{"rendered":"\n<div class=\"wp-block-themeisle-blocks-advanced-columns has-1-columns has-desktop-equal-layout has-tablet-equal-layout has-mobile-equal-layout has-narrow-gap has-vertical-unset\" id=\"wp-block-themeisle-blocks-advanced-columns-0f55b2ff\"><div class=\"wp-block-themeisle-blocks-advanced-columns-overlay\"><\/div><div class=\"innerblocks-wrap\">\n<div class=\"wp-block-themeisle-blocks-advanced-column\" id=\"wp-block-themeisle-blocks-advanced-column-d6ceb847\"><\/div>\n<\/div><\/div>\n\n\n\n<div class=\"wp-block-media-text alignwide has-media-on-the-right is-stacked-on-mobile\" style=\"grid-template-columns:auto 53%\"><figure class=\"wp-block-media-text__media\"><img loading=\"lazy\" width=\"1024\" height=\"589\" src=\"http:\/\/blaueminze.net\/wp-content\/uploads\/2020\/05\/cropped-Picture2-1-1024x589.png\" alt=\"\" class=\"wp-image-44 size-full\" srcset=\"http:\/\/blaueminze.net\/wp-content\/uploads\/2020\/05\/cropped-Picture2-1-1024x589.png 1024w, http:\/\/blaueminze.net\/wp-content\/uploads\/2020\/05\/cropped-Picture2-1-300x172.png 300w, http:\/\/blaueminze.net\/wp-content\/uploads\/2020\/05\/cropped-Picture2-1-768x441.png 768w, http:\/\/blaueminze.net\/wp-content\/uploads\/2020\/05\/cropped-Picture2-1-1536x883.png 1536w, http:\/\/blaueminze.net\/wp-content\/uploads\/2020\/05\/cropped-Picture2-1.png 1618w\" sizes=\"(max-width: 1024px) 100vw, 1024px\" \/><\/figure><div class=\"wp-block-media-text__content\">\n<p style=\"font-size:25px\">Somos un estudio de arquitectura, dise\u00f1o, interiorismo y creatividad con propuestas actuales e innovadoras en diferentes \u00e1mbitos; nos especializamos en el dise\u00f1o arquitectonico y de interiores de proyectos corporativos, residenciales, retail, experiencia de marca y eventos.<\/p>\n<\/div><\/div>\n\n\n\n<p><\/p>\n","protected":false},"excerpt":{"rendered":"<p>Somos un estudio de arquitectura, dise\u00f1o, interiorismo y creatividad con propuestas actuales e innovadoras en diferentes \u00e1mbitos; nos especializamos en el dise\u00f1o arquitectonico y de interiores de proyectos corporativos, residenciales, retail, experiencia de marca y eventos.<\/p>\n","protected":false},"author":1,"featured_media":0,"parent":0,"menu_order":0,"comment_status":"closed","ping_status":"closed","template":"templates\/builder-fullwidth-std.php","meta":[],"_links":{"self":[{"href":"http:\/\/blaueminze.net\/index.php?rest_route=\/wp\/v2\/pages\/89"}],"collection":[{"href":"http:\/\/blaueminze.net\/index.php?rest_route=\/wp\/v2\/pages"}],"about":[{"href":"http:\/\/blaueminze.net\/index.php?rest_route=\/wp\/v2\/types\/page"}],"author":[{"embeddable":true,"href":"http:\/\/blaueminze.net\/index.php?rest_route=\/wp\/v2\/users\/1"}],"replies":[{"embeddable":true,"href":"http:\/\/blaueminze.net\/index.php?rest_route=%2Fwp%2Fv2%2Fcomments&post=89"}],"version-history":[{"count":22,"href":"http:\/\/blaueminze.net\/index.php?rest_route=\/wp\/v2\/pages\/89\/revisions"}],"predecessor-version":[{"id":137,"href":"http:\/\/blaueminze.net\/index.php?rest_route=\/wp\/v2\/pages\/89\/revisions\/137"}],"wp:attachment":[{"href":"http:\/\/blaueminze.net\/index.php?rest_route=%2Fwp%2Fv2%2Fmedia&parent=89"}],"curies":[{"name":"wp","href":"https:\/\/api.w.org\/{rel}","templated":true}]}}